{"id":3623,"date":"2020-04-29T08:28:21","date_gmt":"2020-04-29T06:28:21","guid":{"rendered":"https:\/\/laurent.qodeinteractive.com\/elementor\/?page_id=3623"},"modified":"2021-09-16T14:39:33","modified_gmt":"2021-09-16T12:39:33","slug":"info-covid-19","status":"publish","type":"page","link":"https:\/\/www.lesenssix.fr\/en\/info-covid-19\/","title":{"rendered":"Info Covid-19"},"content":{"rendered":"<div data-elementor-type=\"wp-page\" data-elementor-id=\"3623\" class=\"elementor elementor-3623\">\n\t\t\t\t\t\t<section class=\"elementor-section elementor-top-section elementor-element elementor-element-d371a64 elementor-section-height-full elementor-section-content-middle eltdf-elementor-row-grid-section elementor-section-boxed elementor-section-height-default elementor-section-items-middle eltdf-parallax-row-no eltdf-content-aligment-left eltdf-disabled-bg-image-bellow-no\" data-id=\"d371a64\" data-element_type=\"section\" data-settings=\"{&quot;background_background&quot;:&quot;classic&quot;}\">\n\t\t\t\t\t\t<div class=\"elementor-container elementor-column-gap-default\">\n\t\t\t\t\t<div class=\"elementor-column elementor-col-100 elementor-top-column elementor-element elementor-element-310f9c9\" data-id=\"310f9c9\" data-element_type=\"column\">\n\t\t\t<div class=\"elementor-widget-wrap elementor-element-populated\">\n\t\t\t\t\t\t<div class=\"elementor-element elementor-element-f340622 elementor-widget elementor-widget-eltdf_section_title\" data-id=\"f340622\" data-element_type=\"widget\" data-widget_type=\"eltdf_section_title.default\">\n\t\t\t\t<div class=\"elementor-widget-container\">\n\t\t\t<div class=\"eltdf-section-title-holder\" style=\"text-align: center\">\n\t<div class=\"eltdf-st-inner\">\n                    <span class=\"eltdf-st-tagline\">\n                Info Covid-19            <\/span>\n        \t\t            <div class=\"eltdf-st-title-holder\">\n                                    <div class=\"decor\"><svg xmlns=\"http:\/\/www.w3.org\/2000\/svg\" width=\"41.125\" height=\"9.146\">\n                            <path fill=\"none\" stroke=\"#9C7C57\" stroke-miterlimit=\"10\" d=\"M40.881 8.576L20.562.591.244 8.576\"\/>\n                            <path fill=\"none\" stroke=\"#9C7C57\" stroke-miterlimit=\"10\" d=\"M40.881.591L20.562 8.576.243.591\"\/>\n                        <\/svg><\/div>\n                                <h1 class=\"eltdf-st-title\" >\n                    Pass Sanitaire                <\/h1>\n                                    <div class=\"decor\"><svg xmlns=\"http:\/\/www.w3.org\/2000\/svg\" width=\"41.125\" height=\"9.146\">\n                            <path fill=\"none\" stroke=\"#9C7C57\" stroke-miterlimit=\"10\" d=\"M40.881 8.576L20.562.591.244 8.576\"\/>\n                            <path fill=\"none\" stroke=\"#9C7C57\" stroke-miterlimit=\"10\" d=\"M40.881.591L20.562 8.576.243.591\"\/>\n                        <\/svg><\/div>\n                            <\/div>\n\t\t\t\t\t\t\t<p class=\"eltdf-st-text\" style=\"font-size: 24px\">\n\t\t\t\t<br>\nLe Pass Sanitaire est d\u00e9sormais obligatoire.<br><br><br>\nCertificat de Vaccination ou Test N\u00e9gatif (- 48h) ou Certificat de R\u00e9tablissement.\n<br> <br> <br>\nVotre restaurant le Sens Six propose \u00e9galement ses plats \u00e0 emporter par t\u00e9l\u00e9phone ou par Click &amp; Collect.<br> <br>\n\nVous pouvez nous appeler d\u00e8s la veille pour commander votre plat pr\u00e9f\u00e9r\u00e9s !<br> <br>\n\n04 67 75 75 56\t\t\t<\/p>\n\t\t\t\t\t<\/div>\n<\/div>\t\t<\/div>\n\t\t\t\t<\/div>\n\t\t\t\t\t<\/div>\n\t\t<\/div>\n\t\t\t\t\t<\/div>\n\t\t<\/section>\n\t\t\t\t<\/div>","protected":false},"excerpt":{"rendered":"<p>Info Covid-19 Pass Sanitaire Le Pass Sanitaire est d\u00e9sormais obligatoire. Certificat de Vaccination ou Test N\u00e9gatif (- 48h) ou Certificat de R\u00e9tablissement. Votre restaurant le Sens Six propose \u00e9galement ses plats \u00e0 emporter par t\u00e9l\u00e9phone ou par Click &amp; Collect. Vous pouvez nous appeler d\u00e8s la veille pour commander votre plat pr\u00e9f\u00e9r\u00e9s ! 04 67 75 75 56<\/p>","protected":false},"author":1,"featured_media":5099,"parent":0,"menu_order":0,"comment_status":"closed","ping_status":"closed","template":"full-width.php","meta":{"footnotes":""},"class_list":["post-3623","page","type-page","status-publish","has-post-thumbnail","hentry"],"_links":{"self":[{"href":"https:\/\/www.lesenssix.fr\/en\/wp-json\/wp\/v2\/pages\/3623"}],"collection":[{"href":"https:\/\/www.lesenssix.fr\/en\/wp-json\/wp\/v2\/pages"}],"about":[{"href":"https:\/\/www.lesenssix.fr\/en\/wp-json\/wp\/v2\/types\/page"}],"author":[{"embeddable":true,"href":"https:\/\/www.lesenssix.fr\/en\/wp-json\/wp\/v2\/users\/1"}],"replies":[{"embeddable":true,"href":"https:\/\/www.lesenssix.fr\/en\/wp-json\/wp\/v2\/comments?post=3623"}],"version-history":[{"count":27,"href":"https:\/\/www.lesenssix.fr\/en\/wp-json\/wp\/v2\/pages\/3623\/revisions"}],"predecessor-version":[{"id":6839,"href":"https:\/\/www.lesenssix.fr\/en\/wp-json\/wp\/v2\/pages\/3623\/revisions\/6839"}],"wp:featuredmedia":[{"embeddable":true,"href":"https:\/\/www.lesenssix.fr\/en\/wp-json\/wp\/v2\/media\/5099"}],"wp:attachment":[{"href":"https:\/\/www.lesenssix.fr\/en\/wp-json\/wp\/v2\/media?parent=3623"}],"curies":[{"name":"wp","href":"https:\/\/api.w.org\/{rel}","templated":true}]}}